{"id":987611841,"date":"2025-12-30T14:46:52","date_gmt":"2025-12-30T14:46:52","guid":{"rendered":"https:\/\/josephites.org\/suscribase\/"},"modified":"2026-01-13T14:10:34","modified_gmt":"2026-01-13T14:10:34","slug":"suscribase","status":"publish","type":"page","link":"https:\/\/josephites.org\/es\/suscribase\/","title":{"rendered":"Suscr\u00edbase"},"content":{"rendered":"<p>[et_pb_section fb_built=\u00bb1&#8243; admin_label=\u00bbsection\u00bb _builder_version=\u00bb4.16&#8243; global_colors_info=\u00bb{}\u00bb][et_pb_row admin_label=\u00bbfila\u00bb _builder_version=\u00bb4.16&#8243; background_size=\u00bbinitial\u00bb background_position=\u00bbtop_left\u00bb background_repeat=\u00bbrepeat\u00bb global_colors_info=\u00bb{}\u00bb][et_pb_column type=\u00bb4_4&#8243; _builder_version=\u00bb4.16&#8243; custom_padding=\u00bb|||\u00bb global_colors_info=\u00bb{}\u00bb custom_padding__hover=\u00bb|||\u00bb][et_pb_text admin_label=\u00bbText\u00bb _builder_version=\u00bb4.27.5&#8243; background_size=\u00bbinitial\u00bb background_position=\u00bbtop_left\u00bb background_repeat=\u00bbrepeat\u00bb hover_enabled=\u00bb0&#8243; global_colors_info=\u00bb{}\u00bb _dynamic_attributes=\u00bbcontent\u00bb _module_preset=\u00bbf948cc9a-6cf1-423f-888b-8f4e4ea4d2af\u00bb sticky_enabled=\u00bb0&#8243;]@ET-DC@eyJkeW5hbWljIjp0cnVlLCJjb250ZW50IjoicG9zdF90aXRsZSIsInNldHRpbmdzIjp7ImJlZm9yZSI6IiIsImFmdGVyIjoiIiwiZW5hYmxlX2h0bWwiOiJvZmYifX0=@[\/et_pb_text][\/et_pb_column][\/et_pb_row][et_pb_row use_custom_gutter=\u00bbon\u00bb make_equal=\u00bbon\u00bb custom_padding_last_edited=\u00bbon|phone\u00bb _builder_version=\u00bb4.27.4&#8243; background_color=\u00bb#f6f6f6&#8243; width=\u00bb100%\u00bb max_width=\u00bb1210px\u00bb custom_margin=\u00bb0px||0px||true|false\u00bb custom_padding=\u00bb30px|50px|30px|50px|true|true\u00bb custom_padding_tablet=\u00bb20px|30px|20px|30px|true|true\u00bb custom_padding_phone=\u00bb20px|20px|20px|20px|true|true\u00bb custom_css_free_form=\u00bb@media only screen and (min-width: 981px) {|| .vertical_center{|| display: flex;|| align-items: center;|| }||}||\u00bb border_radii=\u00bbon|12px|12px|12px|12px\u00bb global_colors_info=\u00bb{}\u00bb theme_builder_area=\u00bbpost_content\u00bb][et_pb_column type=\u00bb4_4&#8243; _builder_version=\u00bb4.27.4&#8243; _module_preset=\u00bbdefault\u00bb global_colors_info=\u00bb{}\u00bb theme_builder_area=\u00bbpost_content\u00bb][dnxte_multi_heading text_two=\u00bbGet Your Subscription Today!\u00bb heading_tag=\u00bbh2&#8243; display_type_select=\u00bbon\u00bb text_one_margin=\u00bb0px||0px||false|false\u00bb text_one_padding=\u00bb0px||12px||false|false\u00bb text_two_margin=\u00bb0px||0px||true|false\u00bb text_two_padding=\u00bb0px||0px||false|false\u00bb text_three_margin=\u00bb0px||0px||true|false\u00bb text_three_padding=\u00bb0px||0px||true|false\u00bb text_one_padding_tablet=\u00bb||10px||false|false\u00bb text_one_padding_phone=\u00bb0px||8px||false|false\u00bb text_one_padding_last_edited=\u00bbon|tablet\u00bb text_two_padding_tablet=\u00bb||15px||false|false\u00bb text_two_padding_phone=\u00bb||10px||false|false\u00bb text_two_padding_last_edited=\u00bboff|desktop\u00bb _builder_version=\u00bb4.27.5&#8243; _module_preset=\u00bbdefault\u00bb text_one_font=\u00bbRokkitt|500||on|||||\u00bb text_one_text_color=\u00bb#469a11&#8243; text_one_font_size=\u00bb16px\u00bb text_one_letter_spacing=\u00bb2px\u00bb text_one_line_height=\u00bb1.2em\u00bb text_two_font=\u00bbRokkitt|600|||||||\u00bb text_two_text_color=\u00bb#012A6B\u00bb text_two_font_size=\u00bb28px\u00bb text_two_line_height=\u00bb1.3em\u00bb custom_margin=\u00bb0px||0px||false|false\u00bb custom_padding=\u00bb0px||0px||false|false\u00bb hover_enabled=\u00bb0&#8243; text_one_font_size_tablet=\u00bb14px\u00bb text_one_font_size_phone=\u00bb12px\u00bb text_one_font_size_last_edited=\u00bbon|tablet\u00bb text_two_font_size_tablet=\u00bb30px\u00bb text_two_font_size_phone=\u00bb28px\u00bb text_two_font_size_last_edited=\u00bbon|phone\u00bb text_two_line_height_tablet=\u00bb1.3em\u00bb text_two_line_height_phone=\u00bb1.2em\u00bb text_two_line_height_last_edited=\u00bbon|phone\u00bb locked=\u00bboff\u00bb global_colors_info=\u00bb{}\u00bb theme_builder_area=\u00bbpost_content\u00bb sticky_enabled=\u00bb0&#8243;][\/dnxte_multi_heading][et_pb_image src=\u00bbhttps:\/\/et-mg.com\/wp-content\/uploads\/2025\/12\/harvestcovers-696&#215;464-1-Picsart-BackgroundRemover.png\u00bb title_text=\u00bbharvestcovers-696&#215;464 (1)-Picsart-BackgroundRemover\u00bb align=\u00bbcenter\u00bb _builder_version=\u00bb4.27.4&#8243; _module_preset=\u00bbdefault\u00bb global_colors_info=\u00bb{}\u00bb theme_builder_area=\u00bbpost_content\u00bb][\/et_pb_image][et_pb_button button_url=\u00bbhttps:\/\/josephites.weshareonline.org\/ws\/opportunities\/TheJosephiteHarvestMagazine\u00bb button_text=\u00bbHaga una donaci\u00f3n\u00bb button_alignment=\u00bbcenter\u00bb _builder_version=\u00bb4.27.4&#8243; _module_preset=\u00bbdefault\u00bb custom_button=\u00bbon\u00bb button_text_color=\u00bb#FFFFFF\u00bb button_bg_color=\u00bb#d6ab39&#8243; button_border_width=\u00bb0px\u00bb button_use_icon=\u00bboff\u00bb custom_margin=\u00bb||40px||false|false\u00bb custom_padding=\u00bb15px|30px|15px|30px|true|true\u00bb global_colors_info=\u00bb{}\u00bb theme_builder_area=\u00bbpost_content\u00bb][\/et_pb_button][et_pb_text _builder_version=\u00bb4.27.4&#8243; _module_preset=\u00bbdefault\u00bb text_font=\u00bbVerdana||||||||\u00bb text_text_color=\u00bb#000000&#8243; text_font_size=\u00bb16px\u00bb text_line_height=\u00bb1.8em\u00bb link_text_color=\u00bb#012a6b\u00bb custom_margin=\u00bb-11px||||false|false\u00bb custom_margin_tablet=\u00bb||30px||false|false\u00bb custom_margin_phone=\u00bb||20px||false|false\u00bb custom_margin_last_edited=\u00bboff|desktop\u00bb custom_padding=\u00bb0px||0px||true|false\u00bb text_font_size_tablet=\u00bb16px\u00bb text_font_size_phone=\u00bb14px\u00bb text_font_size_last_edited=\u00bboff|desktop\u00bb locked=\u00bboff\u00bb global_colors_info=\u00bb{}\u00bb theme_builder_area=\u00bbpost_content\u00bb]<\/p>\n<p>Gracias por suscribirse a The Josephite Harvest. Como lector, <strong>usted apoya el ministerio cat\u00f3lico en la comunidad afroamericana<\/strong>. Durante 150 a\u00f1os, <span style=\"text-decoration: underline;\">los sacerdotes y hermanos josefitas hemos estado sirviendo en la comunidad afroamericana<\/span>. Tenemos una historia de la que nos sentimos orgullosos que comenz\u00f3 poco despu\u00e9s de la Guerra Civil. Desde la costa este hasta la costa oeste, estamos sirviendo en parroquias, escuelas y ministerios especiales.     <strong><em>\u00bfPor qu\u00e9 deber\u00eda obtener o renovar su suscripci\u00f3n a The Josephite Harvest?<\/em><\/strong> The Josephite Harvest es la revista de misiones cat\u00f3licas m\u00e1s antigua en publicaci\u00f3n continua en los Estados Unidos. Fundada en 1888, <strong><em>The Josephite Harvest se publica trimestralmente para mantener a sus lectores actualizados y conscientes del trabajo en el apostolado josefita.<\/em><\/strong> <em>The Josephite Harvest:<\/em> <\/p>\n<p><span>\u25cf <\/span>Fomenta la devoci\u00f3n al Sagrado Coraz\u00f3n de Jes\u00fas y a nuestro patr\u00f3n, San Jos\u00e9.<br \/><span>\u25cf <\/span>Fomenta la comprensi\u00f3n y la reconciliaci\u00f3n racial y cultural.<br \/><span>\u25cf <\/span>Da a conocer los logros de los afroamericanos influenciados por la fe cat\u00f3lica.<br \/><span>\u25cf <\/span>Reconoce la labor del clero y de los laicos que evangelizan a los afroamericanos.<\/p>\n<p><em><strong>Puede renovar o suscribirse ahora por el incre\u00edblemente bajo precio de $10.<\/strong><\/em> Al suscribirse, ayuda a promover el ministerio evangelizador de la Sociedad de San Jos\u00e9 del Sagrado Coraz\u00f3n. <strong>Su suscripci\u00f3n contin\u00faa un v\u00ednculo duradero con los benefactores y amigos josefitas que apoyan el ministerio afroamericano.<\/strong> Cuando se suscribe, se une a m\u00e1s de 100.000 lectores de Josephite Harvest. Mant\u00e9ngase conectado con la misi\u00f3n Josefita y la comunidad afroamericana. Gracias por su suscripci\u00f3n a The Josephite Harvest. Suyo en Cristo, <strong>Obispo John H. Ricard, SSJ Superior General y Editor<\/strong>   <\/p>\n<p>[\/et_pb_text][\/et_pb_column][\/et_pb_row][\/et_pb_section]<\/p>\n","protected":false},"excerpt":{"rendered":"<div class=\"et_pb_module dnxte_multi_heading dnxte_multi_heading_0\">\n\t\t\t\t\n\t\t\t\t\n\t\t\t\t\n\t\t\t\t\n\t\t\t\t\n\t\t\t\t\n\t\t\t\t<div class=\"et_pb_module_inner\">\n\t\t\t\t\t<div class=\"wrapper\"><\u00bbh2&#8243; class='header-level '><span class=\"dnxt-text-two \"><span class=\"dnxt-gradient-text-color-2\">\u00bbGet<\/span><\/span><\/\u00bbh2&#8243;><\/div>\n\t\t\t\t<\/div>\n\t\t\t<\/div>\n","protected":false},"author":1,"featured_media":0,"parent":0,"menu_order":0,"comment_status":"closed","ping_status":"closed","template":"","meta":{"_acf_changed":false,"give_campaign_id":0,"_et_pb_use_builder":"on","_et_pb_old_content":"","_et_gb_content_width":"","pmpro_default_level":"","_exactmetrics_skip_tracking":false,"_exactmetrics_sitenote_active":false,"_exactmetrics_sitenote_note":"","_exactmetrics_sitenote_category":0,"footnotes":""},"dipi_cpt_category":[],"difl_page_category":[],"class_list":["post-987611841","page","type-page","status-publish","hentry","pmpro-has-access"],"acf":[],"campaignId":"","_links":{"self":[{"href":"https:\/\/josephites.org\/es\/wp-json\/wp\/v2\/pages\/987611841","targetHints":{"allow":["GET"]}}],"collection":[{"href":"https:\/\/josephites.org\/es\/wp-json\/wp\/v2\/pages"}],"about":[{"href":"https:\/\/josephites.org\/es\/wp-json\/wp\/v2\/types\/page"}],"author":[{"embeddable":true,"href":"https:\/\/josephites.org\/es\/wp-json\/wp\/v2\/users\/1"}],"replies":[{"embeddable":true,"href":"https:\/\/josephites.org\/es\/wp-json\/wp\/v2\/comments?post=987611841"}],"version-history":[{"count":0,"href":"https:\/\/josephites.org\/es\/wp-json\/wp\/v2\/pages\/987611841\/revisions"}],"wp:attachment":[{"href":"https:\/\/josephites.org\/es\/wp-json\/wp\/v2\/media?parent=987611841"}],"wp:term":[{"taxonomy":"dipi_cpt_category","embeddable":true,"href":"https:\/\/josephites.org\/es\/wp-json\/wp\/v2\/dipi_cpt_category?post=987611841"},{"taxonomy":"difl_page_category","embeddable":true,"href":"https:\/\/josephites.org\/es\/wp-json\/wp\/v2\/difl_page_category?post=987611841"}],"curies":[{"name":"wp","href":"https:\/\/api.w.org\/{rel}","templated":true}]}}